{"id":947,"date":"2018-03-31T15:24:33","date_gmt":"2018-03-31T14:24:33","guid":{"rendered":"https:\/\/green-family.pt\/darphin\/?post_type=product&#038;p=947"},"modified":"2025-11-12T17:14:55","modified_gmt":"2025-11-12T17:14:55","slug":"stimulskin-plus-eye-lip-cream","status":"publish","type":"product","link":"https:\/\/green-family.pt\/darphin\/loja\/as-nossas-solucoes\/anti-envelhecimento\/anti-envelhecimento-global\/stimulskin-plus-eye-lip-cream\/","title":{"rendered":"Stimulskin Plus Absolute Renewal Eye &amp; Lip Contour Cream"},"content":{"rendered":"<p>STIMULSKIN PLUS \u00e9 uma linha anti-envelhecimento\u00a0multicorre\u00e7\u00e3o inspirada diretamente na massagem anti-envelhecimento\u00a0da marca da Darphin: a Massagem Profunda. Na origem da cria\u00e7\u00e3o desta\u00a0ic\u00f3nica massagem, em 1958, est\u00e1 a convic\u00e7\u00e3o pessoal de Pierre Darphin de\u00a0que era poss\u00edvel remodelar e refirmar a pele gra\u00e7as a uma t\u00e9cnica modeladora\u00a0din\u00e2mica que estimula e tonifica os m\u00fasculos faciais. Verdadeiramente\u00a0inspirados pelos benef\u00edcios anti-envelhecimento da Massagem Profunda e pelo\u00a0<em>savoir-faire<\/em> do Instituto da marca, os especialistas dos Laborat\u00f3rios Darphin\u00a0elaboraram STIMULSKIN PLUS, uma cole\u00e7\u00e3o luxuosa de cuidados da pele\u00a0direcionada para todos os sinais que alteram a juventude do rosto. Nesta\u00a0pesquisa, os investigadores da Darphin descobriram as propriedades\u00a0extraordin\u00e1rias das <em>Sea Emerald<\/em>, uma esp\u00e9cie bot\u00e2nica rara proveniente do\u00a0fundo marinho. Esta joia bot\u00e2nica, combinada com ingredientes\u00a0anti-envelhecimento de vanguarda, foi colocada preciosamente no cora\u00e7\u00e3o das\u00a0f\u00f3rmulas STIMULSKIN PLUS, verdadeiros cofres do tesouro onde as texturas e\u00a0os aromas infinitamente delicados s\u00e3o misturados para oferecer solu\u00e7\u00f5es\u00a0deliciosas e vis\u00edveis para todos os sinais do envelhecimento.<\/p>\n<p>&nbsp;<\/p>\n<p><strong>ABSOLUTE REEWAL EYE&amp;LIP CONTOUR CREAM<\/strong><\/p>\n<p>Stimulskin Plus Absolute Renewal Eye &amp; Lip Contour Cream \u00e9 um creme luxuoso e de r\u00e1pida absor\u00e7\u00e3o para remodelar visivelmente a juventude dos olhos e l\u00e1bios de dentro para fora. Enriquecida com Sea Emerald, pept\u00eddos e extrato de t\u00e2mara, esta f\u00f3rmula ajuda a pele a ter um aspeto e uma sensa\u00e7\u00e3o mais volumosa e estruturada. A zona dos olhos fica iluminada e remodelada: as linhas e rugas s\u00e3o reduzidas; a pele fica mais firme e com um aspeto mais firme, e as olheiras s\u00e3o menos vis\u00edveis. A zona dos l\u00e1bios fica rejuvenescida e suavizada.<\/p>\n<p>IMEDIATAMENTE AS OLHEIRAS S\u00c3O VISIVELMENTE REDUZIDAS EM -20%<sup>1<\/sup><\/p>\n<p>AS RUGAS SOB OS OLHOS E P\u00c9S DE GALINHA S\u00c3O SUAVIZADAS EM APENAS 7 DIAS<sup>2<\/sup><\/p>\n<p>EM 4 SEMANAS AS P\u00c1LPEBRAS FICAM 16% MAIS FIRMES <sup>3<\/sup><\/p>\n<p>AS DOBRAS NASOLABIAIS S\u00c3O VISIVELMENTE REDUZIDOS EM 4 SEMANAS <sup>3<\/sup><\/p>\n<p>AS LINHAS DO L\u00c1BIO SUPERIOR S\u00c3O VISIVELMENTE REDUZIDAS EM 4 SEMANAS <sup>3<\/sup><\/p>\n<p>AS PREGAS DO CANTO DOS L\u00c1BIOS PARECEM MAIS LEVANTADAS EM 10 SEMANAS <sup>4<\/sup><\/p>\n<p>1Teste cl\u00ednico em 31 mulheres, imediatamente ap\u00f3s a primeira utiliza\u00e7\u00e3o.<\/p>\n<p>2Teste cl\u00ednico em 31 mulheres ap\u00f3s utiliza\u00e7\u00e3o do produto durante 1 semana, 2x\/dia.<\/p>\n<p>3Teste cl\u00ednico em 31 mulheres ap\u00f3s utiliza\u00e7\u00e3o do produto durante 4 semanas, 2x\/dia.<\/p>\n<p>4Testes cl\u00ednicos em 31 mulheres ap\u00f3s utiliza\u00e7\u00e3o do produto durante 10 semanas, 2x\/dia.<\/p>\n<p><strong>Ideal para:<\/strong><\/p>\n<p>&#8211; Perda de volume<\/p>\n<p>&#8211; Perda de firmeza<\/p>\n<p>&#8211; Perda de elasticidade<\/p>\n<p>&#8211; Linhas e rugas ao redor dos l\u00e1bios e olhos<\/p>\n<p>&#8211; Olheiras<\/p>\n<p><em>Para todo o tipo de peles<\/em><\/p>\n<p>&nbsp;<\/p>\n<p><strong>Utiliza\u00e7\u00e3o do utens\u00edlio de massagem:<\/strong><\/p>\n<p>Passo 1: Fa\u00e7a um movimento de drenagem sob os olhos para ajudar a melhorar a microcircula\u00e7\u00e3o e reduzir o incha\u00e7o. Em seguida, deslize para a frente e para tr\u00e1s ao longo do canto interno para ajudar a reduzir as olheiras. Repetir 3x<\/p>\n<p>Passo 2: Fa\u00e7a um movimento de eleva\u00e7\u00e3o sob a sobrancelha, atravessando o arco e em dire\u00e7\u00e3o \u00e0 t\u00eampora para ajudar a refirmar e tonificar ao longo do tempo. Repetir 3x<\/p>\n<p>Passo 3: Movimento de suaviza\u00e7\u00e3o: desenho do n\u00famero 8 na t\u00eampora. Repetir 3x<\/p>\n<p>Passo 4: Fa\u00e7a um movimento de fric\u00e7\u00e3o esfregando o utens\u00edlio para a frente e para tr\u00e1s na borda dos l\u00e1bios para tratar as linhas finas e as rugas. Repetir 3x<\/p>\n<p>Passo 5: Fa\u00e7a um movimento de eleva\u00e7\u00e3o, movendo para cima e para baixo ao longo do sulco nasolabial com pequenos movimentos circulares para ajudar a suavizar ao longo do tempo. Repetir 3x<\/p>\n<p>Passo 6: Pressione o canto do l\u00e1bio com a ponta do utens\u00edlio. Em seguida, empurre a ferramenta para cima para obter um aspeto mais elevado ao longo do tempo. Repetir 3x<\/p>\n<p>(Ver imagem ilustrativa na galeria de imagens do produto)<\/p>\n","protected":false},"excerpt":{"rendered":"<p>SUAVIZA. ILUMINA. REJUVENESCE.<\/p>\n<p>88% ingredientes de origem natural<\/p>\n<p>Um creme luxuoso e de r\u00e1pida absor\u00e7\u00e3o para remodelar visivelmente a juventude dos olhos e l\u00e1bios de dentro para fora. Enriquecida com Sea Emerald, pept\u00eddos e extrato de t\u00e2mara, esta f\u00f3rmula ajuda a pele a ter um aspeto e uma sensa\u00e7\u00e3o mais volumosa e estruturada. A zona dos olhos fica iluminada e remodelada: as linhas e rugas s\u00e3o reduzidas; a pele fica mais firme e com um aspeto mais firme, e as olheiras s\u00e3o menos vis\u00edveis. A zona dos l\u00e1bios fica rejuvenescida e suavizada.<\/p>\n<p><em>Para todo o tipo de peles<\/em><\/p>\n<p>15 ml<\/p>\n","protected":false},"featured_media":2706,"comment_status":"closed","ping_status":"closed","template":"","meta":[],"product_cat":[15,27,14,37],"product_tag":[123,95,132,159,204,93,133,175,116],"_links":{"self":[{"href":"https:\/\/green-family.pt\/darphin\/wp-json\/wp\/v2\/product\/947"}],"collection":[{"href":"https:\/\/green-family.pt\/darphin\/wp-json\/wp\/v2\/product"}],"about":[{"href":"https:\/\/green-family.pt\/darphin\/wp-json\/wp\/v2\/types\/product"}],"replies":[{"embeddable":true,"href":"https:\/\/green-family.pt\/darphin\/wp-json\/wp\/v2\/comments?post=947"}],"wp:featuredmedia":[{"embeddable":true,"href":"https:\/\/green-family.pt\/darphin\/wp-json\/wp\/v2\/media\/2706"}],"wp:attachment":[{"href":"https:\/\/green-family.pt\/darphin\/wp-json\/wp\/v2\/media?parent=947"}],"wp:term":[{"taxonomy":"product_cat","embeddable":true,"href":"https:\/\/green-family.pt\/darphin\/wp-json\/wp\/v2\/product_cat?post=947"},{"taxonomy":"product_tag","embeddable":true,"href":"https:\/\/green-family.pt\/darphin\/wp-json\/wp\/v2\/product_tag?post=947"}],"curies":[{"name":"wp","href":"https:\/\/api.w.org\/{rel}","templated":true}]}}