{"id":933,"date":"2018-02-13T16:48:35","date_gmt":"2018-02-13T16:48:35","guid":{"rendered":"https:\/\/green-family.pt\/darphin\/?post_type=product&#038;p=933"},"modified":"2025-08-22T15:44:19","modified_gmt":"2025-08-22T14:44:19","slug":"revitalizing-vetiver-mask","status":"publish","type":"product","link":"https:\/\/green-family.pt\/darphin\/loja\/as-nossas-solucoes\/radiancia-e-vitalidade\/revitalizing-vetiver-mask\/","title":{"rendered":"\u00c9clat Sublime Aromatic Revitalizing Vetiver mask"},"content":{"rendered":"<p>A m\u00e1scara revitalizante envolve a pele numa camada reconfortante de nutri\u00e7\u00e3o, deixando-a renovada, enquanto o aroma do \u00f3leo essencial cria uma atmosfera relaxante. A m\u00e1scara ajuda a real\u00e7ar a radi\u00e2ncia jovem para um aspeto saud\u00e1vel. A m\u00e1scara \u00e9 formulada com uma mistura exclusiva de \u00f3leos essenciais, com extrato de Vetiver destilado durante 8 horas no centro da f\u00f3rmula. Ao massajar a m\u00e1scara arom\u00e1tica na pele, a textura molda-se aos contornos do rosto, oferecendo a ader\u00eancia ideal para realizar uma das t\u00e9cnicas de massagem facial especializadas da Darphin para ajudar a libertar a tens\u00e3o acumulada do dia.<\/p>\n<p>&nbsp;<\/p>\n<p><strong>Ideal para:<\/strong><\/p>\n<p>&#8211; Pele ba\u00e7a<\/p>\n<p>&#8211; Pele desidratada<\/p>\n<p>&#8211; Pele cansada e sem vida<\/p>\n<p><em>Para todo o tipo de peles<\/em><\/p>\n","protected":false},"excerpt":{"rendered":"<p>RENOVAR. NUTRIR. SUAVIZAR.<\/p>\n<p>99% ingredientes de origem natural<\/p>\n<p>Uma m\u00e1scara de \u00f3leo nutritiva, com o aroma suave do extrato de vetiver, para renovar e revitalizar a pele. Ideal para peles ba\u00e7as, desidratadas, cansadas e sem vida.<\/p>\n<p><em>Para todo o tipo de peles<\/em><\/p>\n<p>50 ml<\/p>\n","protected":false},"featured_media":2716,"comment_status":"closed","ping_status":"closed","template":"","meta":[],"product_cat":[24,29,33],"product_tag":[182,84,118,175,178,187,83],"_links":{"self":[{"href":"https:\/\/green-family.pt\/darphin\/wp-json\/wp\/v2\/product\/933"}],"collection":[{"href":"https:\/\/green-family.pt\/darphin\/wp-json\/wp\/v2\/product"}],"about":[{"href":"https:\/\/green-family.pt\/darphin\/wp-json\/wp\/v2\/types\/product"}],"replies":[{"embeddable":true,"href":"https:\/\/green-family.pt\/darphin\/wp-json\/wp\/v2\/comments?post=933"}],"wp:featuredmedia":[{"embeddable":true,"href":"https:\/\/green-family.pt\/darphin\/wp-json\/wp\/v2\/media\/2716"}],"wp:attachment":[{"href":"https:\/\/green-family.pt\/darphin\/wp-json\/wp\/v2\/media?parent=933"}],"wp:term":[{"taxonomy":"product_cat","embeddable":true,"href":"https:\/\/green-family.pt\/darphin\/wp-json\/wp\/v2\/product_cat?post=933"},{"taxonomy":"product_tag","embeddable":true,"href":"https:\/\/green-family.pt\/darphin\/wp-json\/wp\/v2\/product_tag?post=933"}],"curies":[{"name":"wp","href":"https:\/\/api.w.org\/{rel}","templated":true}]}}