{"id":811,"date":"2017-06-12T19:18:10","date_gmt":"2017-06-12T18:18:10","guid":{"rendered":"https:\/\/green-family.pt\/darphin\/loja\/as-nossas-solucoes\/anti-envelhecimento\/anti-envelhecimento-e-radiancia\/niaouli-aromatic-care\/"},"modified":"2025-08-22T14:52:05","modified_gmt":"2025-08-22T13:52:05","slug":"niaouli-aromatic-care","status":"publish","type":"product","link":"https:\/\/green-family.pt\/darphin\/loja\/colecoes\/oleos-essenciais\/niaouli-aromatic-care\/","title":{"rendered":"Niaouli Aromatic Care"},"content":{"rendered":"<p>A Cole\u00e7\u00e3o de ELIXIRES DE \u00d3LEOS ESSENCIAIS ilustra o virtuosismo dos Laborat\u00f3rios Darphin. Os Elixires penetram profundamente, atuando como regeneradores, desintoxicantes e purificadores uma vez que promovem a elimina\u00e7\u00e3o de toxinas. Com ingredientes criteriosamente selecionados, oferecem resultados vis\u00edveis, enquanto oferecem uma fragr\u00e2ncia e experi\u00eancia sensorial \u00fanicas. Ricos em \u00d3mega 3 e 6, nutrem e fortalecem a pele.<\/p>\n<p>&nbsp;<\/p>\n<p><strong>NIAOULI AROMATIC CARE<\/strong><\/p>\n<p>\u00d3leos de niaouli, cipreste, lim\u00e3o, alecrim, eucalipto e lavanda numa f\u00f3rmula deliciosa que restabelece o equil\u00edbrio da pele. Hidrata\u00e7\u00e3o perfeitamente equilibrada. Matificantes suaves combinam-se para diminuir as impurezas e o excesso de oleosidade.<\/p>\n<ul>\n<li>Melhora instantaneamente a luminosidade da pele.<\/li>\n<li>Restaura a harmonia da pele oleosa e mista.<\/li>\n<\/ul>\n<p><strong>Ideal para:<\/strong><\/p>\n<p>&#8211; Pele mista ou oleosa<\/p>\n<p>&#8211; Purifica\u00e7\u00e3o e fortalecimento da pele<\/p>\n<p><em>Para Pele mista ou oleosa<\/em><\/p>\n<p>&nbsp;<\/p>\n","protected":false},"excerpt":{"rendered":"<p>NUTRIR. EQUILIBRAR. PURIFICAR.<\/p>\n<p>99% ingredientes de origem natural<\/p>\n<p>Matificantes suaves combinam-se para diminuir as impurezas e o excesso de oleosidade da pele. Purifica e fortalece, ao mesmo tempo que restabelece o equil\u00edbrio das peles mistas a oleosas.<\/p>\n<p>Para Pele mista ou oleosa<\/p>\n<p>15 ml<\/p>\n","protected":false},"featured_media":2780,"comment_status":"closed","ping_status":"closed","template":"","meta":[],"product_cat":[23,30],"product_tag":[79,153,161,127,180],"_links":{"self":[{"href":"https:\/\/green-family.pt\/darphin\/wp-json\/wp\/v2\/product\/811"}],"collection":[{"href":"https:\/\/green-family.pt\/darphin\/wp-json\/wp\/v2\/product"}],"about":[{"href":"https:\/\/green-family.pt\/darphin\/wp-json\/wp\/v2\/types\/product"}],"replies":[{"embeddable":true,"href":"https:\/\/green-family.pt\/darphin\/wp-json\/wp\/v2\/comments?post=811"}],"wp:featuredmedia":[{"embeddable":true,"href":"https:\/\/green-family.pt\/darphin\/wp-json\/wp\/v2\/media\/2780"}],"wp:attachment":[{"href":"https:\/\/green-family.pt\/darphin\/wp-json\/wp\/v2\/media?parent=811"}],"wp:term":[{"taxonomy":"product_cat","embeddable":true,"href":"https:\/\/green-family.pt\/darphin\/wp-json\/wp\/v2\/product_cat?post=811"},{"taxonomy":"product_tag","embeddable":true,"href":"https:\/\/green-family.pt\/darphin\/wp-json\/wp\/v2\/product_tag?post=811"}],"curies":[{"name":"wp","href":"https:\/\/api.w.org\/{rel}","templated":true}]}}