{"id":458,"date":"2017-02-26T19:16:52","date_gmt":"2017-02-26T19:16:52","guid":{"rendered":"http:\/\/176.58.117.211\/greenfamily\/darphin\/?post_type=product&#038;p=458"},"modified":"2025-07-29T15:34:47","modified_gmt":"2025-07-29T14:34:47","slug":"8-flower-nectar","status":"publish","type":"product","link":"https:\/\/green-family.pt\/darphin\/loja\/as-nossas-solucoes\/anti-envelhecimento\/anti-envelhecimento-global\/8-flower-nectar\/","title":{"rendered":"8-Flower Nectar Oil"},"content":{"rendered":"<p>A Cole\u00e7\u00e3o de ELIXIRES DE \u00d3LEOS ESSENCIAIS ilustra o virtuosismo dos Laborat\u00f3rios Darphin. Os Elixires penetram profundamente, atuando como regeneradores, desintoxicantes e purificadores uma vez que promovem a elimina\u00e7\u00e3o de toxinas. Com ingredientes criteriosamente selecionados, oferecem resultados vis\u00edveis, enquanto oferecem uma fragr\u00e2ncia e experi\u00eancia sensorial \u00fanicas. Ricos em \u00d3mega 3 e 6, nutrem e fortalecem a pele.<\/p>\n<p>&nbsp;<\/p>\n<p><strong>8-FLOWER NECTAR OIL<\/strong><\/p>\n<p>8-Flower Nectar, infundido com uma rara combina\u00e7\u00e3o de ess\u00eancias arom\u00e1ticas de 8 flores preciosas, \u00e9 uma f\u00f3rmula opulenta nutre e ajuda a alisar as rugas e r\u00eddulas, refirma a pele e renova a sua elasticidade, resist\u00eancia e esplendor juvenil.<\/p>\n<p>O casamento delicado entre ess\u00eancias arom\u00e1ticas raras para impulsionar o esplendor de 8 preciosas flores: Immortelle, Ylang-Ylang, Patchouli, Neroli, Rosa Damascena, Lavanda, Jasmim e Iris. Nutre e suaviza a apar\u00eancia de rugas e r\u00eddulas, firma visivelmente a pele, ajuda a renovar a sua elasticidade e a sua resili\u00eancia e devolve \u00e0 pele o esplendor da juventude. Com uma fragr\u00e2ncia refinadamente feminina e sensual que se assemelha a um perfume, esta \u00e9 a quinta ess\u00eancia hol\u00edstica dos cuidados de beleza, que proporciona uma sensa\u00e7\u00e3o de perfei\u00e7\u00e3o e bem-estar geral.<\/p>\n<ul>\n<li>Alisa e refirma a pele<\/li>\n<li>Atenua as rugas e r\u00eddulas<\/li>\n<li>Renova a elasticidade<\/li>\n<li>Aumenta a radi\u00e2ncia<\/li>\n<li>Fortalece a pele<\/li>\n<\/ul>\n<p><strong>Ideal para:<\/strong><\/p>\n<p>&#8211; Pele com r\u00eddulas e rugas<\/p>\n<p>&#8211; Pele com perda de<\/p>\n<p>&#8211; Linhas finas<\/p>\n<p><em>Para todos os tipos de pele<\/em><\/p>\n","protected":false},"excerpt":{"rendered":"<p>NUTRIR. EQUILIBRAR. ANTI-ENVELHECIMENTO GLOBAL.<\/p>\n<p>99% ingredientes de origem natural<\/p>\n<p>Infundido com uma rara combina\u00e7\u00e3o de ess\u00eancias arom\u00e1ticas de 8 flores preciosas, esta f\u00f3rmula opulenta nutre e ajuda a alisar as rugas e r\u00eddulas, refirma a pele e renova a sua elasticidade, resist\u00eancia e esplendor juvenil.<\/p>\n<p>Para todos os tipos de pele<\/p>\n<p>15 ml<\/p>\n","protected":false},"featured_media":2778,"comment_status":"closed","ping_status":"closed","template":"","meta":[],"product_cat":[23,30,14,37],"product_tag":[190,132,79,182,118],"_links":{"self":[{"href":"https:\/\/green-family.pt\/darphin\/wp-json\/wp\/v2\/product\/458"}],"collection":[{"href":"https:\/\/green-family.pt\/darphin\/wp-json\/wp\/v2\/product"}],"about":[{"href":"https:\/\/green-family.pt\/darphin\/wp-json\/wp\/v2\/types\/product"}],"replies":[{"embeddable":true,"href":"https:\/\/green-family.pt\/darphin\/wp-json\/wp\/v2\/comments?post=458"}],"wp:featuredmedia":[{"embeddable":true,"href":"https:\/\/green-family.pt\/darphin\/wp-json\/wp\/v2\/media\/2778"}],"wp:attachment":[{"href":"https:\/\/green-family.pt\/darphin\/wp-json\/wp\/v2\/media?parent=458"}],"wp:term":[{"taxonomy":"product_cat","embeddable":true,"href":"https:\/\/green-family.pt\/darphin\/wp-json\/wp\/v2\/product_cat?post=458"},{"taxonomy":"product_tag","embeddable":true,"href":"https:\/\/green-family.pt\/darphin\/wp-json\/wp\/v2\/product_tag?post=458"}],"curies":[{"name":"wp","href":"https:\/\/api.w.org\/{rel}","templated":true}]}}