{"id":309,"date":"2017-02-06T16:42:52","date_gmt":"2017-02-06T16:42:52","guid":{"rendered":"http:\/\/176.58.117.211\/greenfamily\/darphin\/?post_type=product&#038;p=309"},"modified":"2025-08-22T16:24:44","modified_gmt":"2025-08-22T15:24:44","slug":"intral-redness-relief-recovery-cream","status":"publish","type":"product","link":"https:\/\/green-family.pt\/darphin\/loja\/as-nossas-solucoes\/pele-sensivel-e-vermelhidao\/intral-redness-relief-recovery-cream\/","title":{"rendered":"Intral Rescue Correcting Cream"},"content":{"rendered":"<p>A gama <strong>Intral<\/strong> da Darphin foi especialmente desenvolvida para peles sens\u00edveis ou sensibilizadas, ajudando a acalmar a irrita\u00e7\u00e3o, reduzir a vermelhid\u00e3o e refor\u00e7ar a barreira natural da pele, que \u00e9 fundamental para proteg\u00ea-la de agress\u00f5es externas e manter o seu equil\u00edbrio. Gra\u00e7as ao Calm Complex \u2014 com ingredientes como camomila, espinheiro e pe\u00f3nia, D-Panthenol &amp; Polissacar\u00eddeo \u2014 Intral proporciona conforto imediato e uma sensa\u00e7\u00e3o de suavidade duradoura, enquanto fortalece as defesas cut\u00e2neas e previne contra agress\u00f5es.<\/p>\n<p>&nbsp;<\/p>\n<p><strong>INTRAL RESCUE CORRECTING CREAM<\/strong><\/p>\n<p>Intral Rescue Correcting Cream \u00e9 um creme leve que ajuda a reduzir a vermelhid\u00e3o com a sua f\u00f3rmula num tom esverdeado. Ajuda a reparar e fortalecer a barreira natural da pele, para que a pele sens\u00edvel se possa proteger melhor contra os agressores ambientais.<\/p>\n<ul>\n<li>Vermelhid\u00e3o reduzida<\/li>\n<li>Pele acalmada, hidratada e mais suave<\/li>\n<li>Prote\u00e7\u00e3o di\u00e1ria contra agress\u00f5es ambientais<\/li>\n<li>A barreira cut\u00e2nea \u00e9 reparada e fortalecida<\/li>\n<\/ul>\n<p><strong>Ideal para:<\/strong><\/p>\n<p>&#8211; Irrita\u00e7\u00e3o<\/p>\n<p>&#8211; Vermelhid\u00e3o<\/p>\n<p>&#8211; Pele sens\u00edvel<\/p>\n<p>&#8211; Pele com tend\u00eancia para a ros\u00e1cea<\/p>\n<p><em>Pele normal a mista<\/em><\/p>\n","protected":false},"excerpt":{"rendered":"<p>ACALMAR. HIDRATA. ANTI-VERMELHID\u00c3O<\/p>\n<p>83% ingredientes de origem natural*<\/p>\n<p>Um creme corrector completo para ajudar a acalmar, uniformizar e fortalecer a pele, dia ap\u00f3s dia. Formulado com uma combina\u00e7\u00e3o \u00f3ptima de ingredientes apaziguantes (Magn\u00f3lia, Alca\u00e7uz e extracto de Ch\u00e1 verde japon\u00eas), este creme sedoso reduz a vermelhid\u00e3o e fortalece a pele ao longo do tempo. Perfeitamente hidratada, suave e flex\u00edvel, a pele fica confort\u00e1vel, calma e serena.<\/p>\n<p><em>Pele sens\u00edvel, irritada e com vermelhid\u00e3o. Pele normal a mista<\/em><\/p>\n<p>50 ml<\/p>\n","protected":false},"featured_media":2868,"comment_status":"closed","ping_status":"closed","template":"","meta":[],"product_cat":[7,17,31],"product_tag":[152,182,162,130,168],"_links":{"self":[{"href":"https:\/\/green-family.pt\/darphin\/wp-json\/wp\/v2\/product\/309"}],"collection":[{"href":"https:\/\/green-family.pt\/darphin\/wp-json\/wp\/v2\/product"}],"about":[{"href":"https:\/\/green-family.pt\/darphin\/wp-json\/wp\/v2\/types\/product"}],"replies":[{"embeddable":true,"href":"https:\/\/green-family.pt\/darphin\/wp-json\/wp\/v2\/comments?post=309"}],"wp:featuredmedia":[{"embeddable":true,"href":"https:\/\/green-family.pt\/darphin\/wp-json\/wp\/v2\/media\/2868"}],"wp:attachment":[{"href":"https:\/\/green-family.pt\/darphin\/wp-json\/wp\/v2\/media?parent=309"}],"wp:term":[{"taxonomy":"product_cat","embeddable":true,"href":"https:\/\/green-family.pt\/darphin\/wp-json\/wp\/v2\/product_cat?post=309"},{"taxonomy":"product_tag","embeddable":true,"href":"https:\/\/green-family.pt\/darphin\/wp-json\/wp\/v2\/product_tag?post=309"}],"curies":[{"name":"wp","href":"https:\/\/api.w.org\/{rel}","templated":true}]}}