{"id":1444,"date":"2020-03-13T12:46:25","date_gmt":"2020-03-13T12:46:25","guid":{"rendered":"https:\/\/green-family.pt\/darphin\/?post_type=product&#038;p=1444"},"modified":"2025-12-04T09:36:01","modified_gmt":"2025-12-04T09:36:01","slug":"ideal-resource-perfecting-smoothing-serum","status":"publish","type":"product","link":"https:\/\/green-family.pt\/darphin\/loja\/as-nossas-solucoes\/anti-envelhecimento\/anti-envelhecimento-e-radiancia\/ideal-resource-perfecting-smoothing-serum\/","title":{"rendered":"Ideal Resource Perfecting Smoothing Serum"},"content":{"rendered":"<p>A linha Ideal Resource combate os primeiros sinais de envelhecimento \u2013 falta de radi\u00e2ncia e suavidade, linhas finas e rugas \u2013 para ajudar as mulheres a recuperar a pele ideal. A juventude \u00e9 preservada, a beleza \u00e9 real\u00e7ada. O nosso poderoso LINE POLISH COMPLEX combina uma mistura \u00fanica de tr\u00eas flores: Fallopia japonica, Centella asiatica e Hibisco branco. Em conjunto, ajudam a suportar o colag\u00e9nio natural da pele. Aplicado diariamente, as rugas s\u00e3o suavizadas, os poros s\u00e3o refinados, a pele fica radiante e suave. E o aroma delicado das preciosas flores brancas aumenta o prazer da performance perfeita.<\/p>\n<p>&nbsp;<\/p>\n<p><strong>IDEAL RESOURCE PERFECTING SMOOTHING SERUM<\/strong><\/p>\n<p>Este s\u00e9rum \u00e9 a solu\u00e7\u00e3o perfeita para a pele que come\u00e7a a apresentar os primeiros sinais de envelhecimento: opacidade, linhas finas e rugas ligeiras. Com o tempo a pele fica mais suave e o nosso potente Complexo Line Polish ajuda a promover a produ\u00e7\u00e3o natural de colag\u00e9nio.<\/p>\n<p>Ideal para reduzir o aparecimento de linhas e rugas, opacidade, perda de luminosidade, textura \u00e1spera, aparecimento de poros, pele que come\u00e7a a apresentar os primeiros sinais de envelhecimento.<\/p>\n<ul>\n<li>A textura da pele \u00e9 refinada e a visibilidade dos poros \u00e9 reduzida.<\/li>\n<li>As rugas parecem suavizadas e minimizadas.<\/li>\n<li>Revela uma tez radiante e um brilho saud\u00e1vel.<\/li>\n<li>Restaura a beleza ideal da pele imediatamente e ao longo do tempo.<\/li>\n<li>Refor\u00e7a o colag\u00e9nio natural da pele.<\/li>\n<\/ul>\n<p><strong>Ideal para:<\/strong><\/p>\n<p>&#8211; Aparecimento de primeiras linhas finas e rugas suaves<\/p>\n<p>&#8211; Perda de luminosidade<\/p>\n<p>&#8211; Pele com textura irregular e com poros vis\u00edveis<\/p>\n<p>&#8211; Pele que come\u00e7a a apresentar os primeiros sinais de envelhecimento<\/p>\n<p><em>Para todo o tipo de peles<\/em><\/p>\n","protected":false},"excerpt":{"rendered":"<p>REDUZ VISIVELMENTE AS RUGAS. MELHORA A TEXTURA DA PELE<\/p>\n<p>92% ingredientes de origem natural<\/p>\n<p>A solu\u00e7\u00e3o perfeita para peles que come\u00e7am a mostrar os primeiros sinais de envelhecimento: falta de luminosidade e uniformidade, linhas de express\u00e3o e rugas. Este s\u00e9rum devolve \u00e0 pele a sua beleza ideal, imediatamente e a cada dia que passa. Os iluminadores aperfei\u00e7oadores da pele melhoram instantaneamente a apar\u00eancia da pele e as imperfei\u00e7\u00f5es desvanecem, mesmo sem maquilhagem. Dia ap\u00f3s dia, promove o alisamento da pele e ajuda a suportar a produ\u00e7\u00e3o natural de colag\u00e9neo. A pele recupera a sua luminosidade, a textura \u00e9 visivelmente melhorada, os poros s\u00e3o minimizados, as linhas de express\u00e3o e as rugas s\u00e3o visivelmente diminu\u00eddas.<\/p>\n<p><em>Para todo o tipo de peles<\/em><\/p>\n<p>30 ml<\/p>\n","protected":false},"featured_media":2817,"comment_status":"closed","ping_status":"closed","template":"","meta":[],"product_cat":[16,19,14,20],"product_tag":[124,123,115,125],"_links":{"self":[{"href":"https:\/\/green-family.pt\/darphin\/wp-json\/wp\/v2\/product\/1444"}],"collection":[{"href":"https:\/\/green-family.pt\/darphin\/wp-json\/wp\/v2\/product"}],"about":[{"href":"https:\/\/green-family.pt\/darphin\/wp-json\/wp\/v2\/types\/product"}],"replies":[{"embeddable":true,"href":"https:\/\/green-family.pt\/darphin\/wp-json\/wp\/v2\/comments?post=1444"}],"wp:featuredmedia":[{"embeddable":true,"href":"https:\/\/green-family.pt\/darphin\/wp-json\/wp\/v2\/media\/2817"}],"wp:attachment":[{"href":"https:\/\/green-family.pt\/darphin\/wp-json\/wp\/v2\/media?parent=1444"}],"wp:term":[{"taxonomy":"product_cat","embeddable":true,"href":"https:\/\/green-family.pt\/darphin\/wp-json\/wp\/v2\/product_cat?post=1444"},{"taxonomy":"product_tag","embeddable":true,"href":"https:\/\/green-family.pt\/darphin\/wp-json\/wp\/v2\/product_tag?post=1444"}],"curies":[{"name":"wp","href":"https:\/\/api.w.org\/{rel}","templated":true}]}}