{"id":1008,"date":"2018-07-16T13:01:33","date_gmt":"2018-07-16T12:01:33","guid":{"rendered":"https:\/\/green-family.pt\/darphin\/?post_type=product&#038;p=1008"},"modified":"2025-11-12T17:14:41","modified_gmt":"2025-11-12T17:14:41","slug":"hydraskin-eye-gel-cream","status":"publish","type":"product","link":"https:\/\/green-family.pt\/darphin\/loja\/as-nossas-solucoes\/hidratar\/hydraskin-eye-gel-cream\/","title":{"rendered":"Hydraskin Infusion eye gel-cream"},"content":{"rendered":"<p>O gel-creme ultra-hidratante para os olhos utiliza um poderoso complexo de tripla hidrata\u00e7\u00e3o, formulado com cafe\u00edna, que aumenta a luminosidade, e algas-gelo calmantes. A sua f\u00f3rmula de r\u00e1pida absor\u00e7\u00e3o proporciona uma sensa\u00e7\u00e3o refrescante instant\u00e2nea. O aplicador de ponta fina permite uma aplica\u00e7\u00e3o precisa da f\u00f3rmula, proporcionando um cuidado direcionado para a delicada zona dos olhos e uma efic\u00e1cia otimizada. Os testes cl\u00ednicos demonstraram que o incha\u00e7o em redor dos olhos \u00e9 reduzido e a luminosidade \u00e9 imediatamente melhorada. Com o tempo, o aspeto das olheiras melhora, revelando um aspeto mais radiante. A f\u00f3rmula, enriquecida com \u00e1cido hialur\u00f3nico, salicornia herbacea e lavanda-borboleta, fortalece a barreira de hidrata\u00e7\u00e3o e ajuda a garantir uma hidrata\u00e7\u00e3o ideal. Os sinais de fadiga e secura s\u00e3o reduzidos, e a zona dos olhos fica com uma sensa\u00e7\u00e3o e aspeto revitalizado.<\/p>\n<ul>\n<li>Sensa\u00e7\u00e3o imediata de frescura<br \/>\n\u2022 Hidrata\u00e7\u00e3o imediata e ao longo do dia<br \/>\n\u2022 A\u00e7\u00e3o anti-papos que dura todo o dia<br \/>\n\u2022 Redu\u00e7\u00e3o da apar\u00eancia das olheiras com o uso continuado<\/li>\n<\/ul>\n<p>+49% DE ILUMINA\u00c7\u00c3O IMEDIATA DA PELE <sup>1<\/sup><\/p>\n<p>1 Ensaio cl\u00ednico de aplica\u00e7\u00e3o \u00fanica realizado em 10 mulheres.<\/p>\n<p><strong>Ideal para:<\/strong><\/p>\n<p>&#8211; Olheiras<\/p>\n<p>&#8211; Incha\u00e7o<\/p>\n<p>&#8211; Ressecamento<\/p>\n<p>&#8211; Desidrata\u00e7\u00e3o<\/p>\n<p><em>Para todos os tipos de pele<\/em><\/p>\n","protected":false},"excerpt":{"rendered":"<p>ACALMA. ENERGIZA. REFRESCA<\/p>\n<p>92% ingredientes de origem natural<\/p>\n<p>Uma sensa\u00e7\u00e3o imediata de frescura que reaviva o olhar. Este gel-creme ligeiro e revigorante, hidrata a pele e contribui para reduzir a apar\u00eancia dos papos e sinais de fadiga.<\/p>\n<p>Para todos os tipos de pele<\/p>\n<p>15 ml<\/p>\n","protected":false},"featured_media":2793,"comment_status":"closed","ping_status":"closed","template":"","meta":[],"product_cat":[15,18,34],"product_tag":[95,94,93,182],"_links":{"self":[{"href":"https:\/\/green-family.pt\/darphin\/wp-json\/wp\/v2\/product\/1008"}],"collection":[{"href":"https:\/\/green-family.pt\/darphin\/wp-json\/wp\/v2\/product"}],"about":[{"href":"https:\/\/green-family.pt\/darphin\/wp-json\/wp\/v2\/types\/product"}],"replies":[{"embeddable":true,"href":"https:\/\/green-family.pt\/darphin\/wp-json\/wp\/v2\/comments?post=1008"}],"wp:featuredmedia":[{"embeddable":true,"href":"https:\/\/green-family.pt\/darphin\/wp-json\/wp\/v2\/media\/2793"}],"wp:attachment":[{"href":"https:\/\/green-family.pt\/darphin\/wp-json\/wp\/v2\/media?parent=1008"}],"wp:term":[{"taxonomy":"product_cat","embeddable":true,"href":"https:\/\/green-family.pt\/darphin\/wp-json\/wp\/v2\/product_cat?post=1008"},{"taxonomy":"product_tag","embeddable":true,"href":"https:\/\/green-family.pt\/darphin\/wp-json\/wp\/v2\/product_tag?post=1008"}],"curies":[{"name":"wp","href":"https:\/\/api.w.org\/{rel}","templated":true}]}}